{"id":2,"date":"2026-02-26T08:55:03","date_gmt":"2026-02-26T08:55:03","guid":{"rendered":"https:\/\/aziendagricolaoliva.it\/?page_id=2"},"modified":"2026-04-12T14:16:44","modified_gmt":"2026-04-12T14:16:44","slug":"sample-page","status":"publish","type":"page","link":"https:\/\/aziendagricolaoliva.it\/index.php\/sample-page\/","title":{"rendered":"CHI SIAMO"},"content":{"rendered":"\n<p><strong>Azienda Agricola Oliva<\/strong><\/p>\n\n\n\n<p>Non nasce solo un\u2019azienda.<br>Nasce un ritorno.<\/p>\n\n\n\n<p>L\u2019Azienda Agricola Oliva prende forma nel 2025 da un\u2019esigenza precisa: riportare il vino alla sua origine, alla terra, alla verit\u00e0 di Mesagne. Qui, dove la terra \u00e8 rossa e viva, ogni scelta nasce dal rispetto per ci\u00f2 che c\u2019era prima.<\/p>\n\n\n\n<p>Non \u00e8 solo produzione. \u00c8 appartenenza.<\/p>\n\n\n\n<hr class=\"wp-block-separator has-alpha-channel-opacity\"\/>\n\n\n\n<h2 class=\"wp-block-heading\"><strong>Mission<\/strong><\/h2>\n\n\n\n<p>Raccontare la Puglia senza filtri.<br>Attraverso vini che conservano il carattere della terra, la forza del sole e la memoria delle mani che li hanno resi possibili.<\/p>\n\n\n\n<hr class=\"wp-block-separator has-alpha-channel-opacity\"\/>\n\n\n\n<h2 class=\"wp-block-heading\"><strong>Il nostro vigneto<\/strong><\/h2>\n\n\n\n<p>La terra di Mesagne non \u00e8 facile.<br>\u00c8 dura, intensa, generosa solo con chi sa ascoltarla.<\/p>\n\n\n\n<p>Tra filari segnati dal vento e dal sole, le viti crescono senza forzature, seguendo un ritmo antico. Qui ogni grappolo porta il segno di una terra che non si concede a tutti, ma che sa dare tutto.<\/p>\n\n\n\n<p>\u00c8 da questa tensione che nasce il vino: essenziale, vero, senza compromessi.<\/p>\n\n\n\n<hr class=\"wp-block-separator has-alpha-channel-opacity\"\/>\n\n\n\n<h2 class=\"wp-block-heading\"><strong>L\u2019idea<\/strong><\/h2>\n\n\n\n<p>Alessio Oliva non ha iniziato da zero.<br>Ha scelto di continuare.<\/p>\n\n\n\n<p>Dai vigneti del nonno nasce una visione: trasformare un\u2019eredit\u00e0 in identit\u00e0, senza perdere ci\u00f2 che conta davvero. Tradizione e presente si incontrano in un equilibrio concreto, fatto di lavoro, scelte e coerenza.<\/p>\n\n\n\n<p><strong>Malisangu<\/strong> \u00e8 il risultato di questo percorso.<br>Non un punto di arrivo, ma una dichiarazione: questa \u00e8 Mesagne.<\/p>\n\n\n\n<figure class=\"wp-block-gallery has-nested-images columns-default is-cropped wp-block-gallery-1 is-layout-flex wp-block-gallery-is-layout-flex\">\n<figure class=\"wp-block-image size-large\"><img loading=\"lazy\" decoding=\"async\" width=\"1024\" height=\"768\" data-id=\"49\" src=\"https:\/\/aziendagricolaoliva.it\/wp-content\/uploads\/2026\/02\/WhatsApp-Image-2026-02-26-at-17.08.56-1024x768.jpeg\" alt=\"\" class=\"wp-image-49\" srcset=\"https:\/\/aziendagricolaoliva.it\/wp-content\/uploads\/2026\/02\/WhatsApp-Image-2026-02-26-at-17.08.56-1024x768.jpeg 1024w, https:\/\/aziendagricolaoliva.it\/wp-content\/uploads\/2026\/02\/WhatsApp-Image-2026-02-26-at-17.08.56-300x225.jpeg 300w, https:\/\/aziendagricolaoliva.it\/wp-content\/uploads\/2026\/02\/WhatsApp-Image-2026-02-26-at-17.08.56-768x576.jpeg 768w, https:\/\/aziendagricolaoliva.it\/wp-content\/uploads\/2026\/02\/WhatsApp-Image-2026-02-26-at-17.08.56-1536x1152.jpeg 1536w, https:\/\/aziendagricolaoliva.it\/wp-content\/uploads\/2026\/02\/WhatsApp-Image-2026-02-26-at-17.08.56.jpeg 1600w\" sizes=\"auto, (max-width: 1024px) 100vw, 1024px\" \/><\/figure>\n\n\n\n<figure class=\"wp-block-image size-large\"><img loading=\"lazy\" decoding=\"async\" width=\"1024\" height=\"768\" data-id=\"50\" src=\"https:\/\/aziendagricolaoliva.it\/wp-content\/uploads\/2026\/02\/WhatsApp-Image-2026-02-26-at-17.08.55-5-1024x768.jpeg\" alt=\"\" class=\"wp-image-50\" srcset=\"https:\/\/aziendagricolaoliva.it\/wp-content\/uploads\/2026\/02\/WhatsApp-Image-2026-02-26-at-17.08.55-5-1024x768.jpeg 1024w, https:\/\/aziendagricolaoliva.it\/wp-content\/uploads\/2026\/02\/WhatsApp-Image-2026-02-26-at-17.08.55-5-300x225.jpeg 300w, https:\/\/aziendagricolaoliva.it\/wp-content\/uploads\/2026\/02\/WhatsApp-Image-2026-02-26-at-17.08.55-5-768x576.jpeg 768w, https:\/\/aziendagricolaoliva.it\/wp-content\/uploads\/2026\/02\/WhatsApp-Image-2026-02-26-at-17.08.55-5-1536x1152.jpeg 1536w, https:\/\/aziendagricolaoliva.it\/wp-content\/uploads\/2026\/02\/WhatsApp-Image-2026-02-26-at-17.08.55-5.jpeg 1600w\" sizes=\"auto, (max-width: 1024px) 100vw, 1024px\" \/><\/figure>\n\n\n\n<figure class=\"wp-block-image size-large\"><img loading=\"lazy\" decoding=\"async\" width=\"768\" height=\"1024\" data-id=\"51\" src=\"https:\/\/aziendagricolaoliva.it\/wp-content\/uploads\/2026\/02\/WhatsApp-Image-2026-02-26-at-17.08.55-4-768x1024.jpeg\" alt=\"\" class=\"wp-image-51\" srcset=\"https:\/\/aziendagricolaoliva.it\/wp-content\/uploads\/2026\/02\/WhatsApp-Image-2026-02-26-at-17.08.55-4-768x1024.jpeg 768w, https:\/\/aziendagricolaoliva.it\/wp-content\/uploads\/2026\/02\/WhatsApp-Image-2026-02-26-at-17.08.55-4-225x300.jpeg 225w, https:\/\/aziendagricolaoliva.it\/wp-content\/uploads\/2026\/02\/WhatsApp-Image-2026-02-26-at-17.08.55-4-1152x1536.jpeg 1152w, https:\/\/aziendagricolaoliva.it\/wp-content\/uploads\/2026\/02\/WhatsApp-Image-2026-02-26-at-17.08.55-4.jpeg 1200w\" sizes=\"auto, (max-width: 768px) 100vw, 768px\" \/><\/figure>\n\n\n\n<figure class=\"wp-block-image size-large\"><img loading=\"lazy\" decoding=\"async\" width=\"768\" height=\"1024\" data-id=\"52\" src=\"https:\/\/aziendagricolaoliva.it\/wp-content\/uploads\/2026\/02\/WhatsApp-Image-2026-02-26-at-17.08.55-3-1-768x1024.jpeg\" alt=\"\" class=\"wp-image-52\" srcset=\"https:\/\/aziendagricolaoliva.it\/wp-content\/uploads\/2026\/02\/WhatsApp-Image-2026-02-26-at-17.08.55-3-1-768x1024.jpeg 768w, https:\/\/aziendagricolaoliva.it\/wp-content\/uploads\/2026\/02\/WhatsApp-Image-2026-02-26-at-17.08.55-3-1-225x300.jpeg 225w, https:\/\/aziendagricolaoliva.it\/wp-content\/uploads\/2026\/02\/WhatsApp-Image-2026-02-26-at-17.08.55-3-1-1152x1536.jpeg 1152w, https:\/\/aziendagricolaoliva.it\/wp-content\/uploads\/2026\/02\/WhatsApp-Image-2026-02-26-at-17.08.55-3-1.jpeg 1200w\" sizes=\"auto, (max-width: 768px) 100vw, 768px\" \/><\/figure>\n\n\n\n<figure class=\"wp-block-image size-large\"><img loading=\"lazy\" decoding=\"async\" width=\"1024\" height=\"768\" data-id=\"53\" src=\"https:\/\/aziendagricolaoliva.it\/wp-content\/uploads\/2026\/02\/WhatsApp-Image-2026-02-26-at-17.08.55-2-1024x768.jpeg\" alt=\"\" class=\"wp-image-53\" srcset=\"https:\/\/aziendagricolaoliva.it\/wp-content\/uploads\/2026\/02\/WhatsApp-Image-2026-02-26-at-17.08.55-2-1024x768.jpeg 1024w, https:\/\/aziendagricolaoliva.it\/wp-content\/uploads\/2026\/02\/WhatsApp-Image-2026-02-26-at-17.08.55-2-300x225.jpeg 300w, https:\/\/aziendagricolaoliva.it\/wp-content\/uploads\/2026\/02\/WhatsApp-Image-2026-02-26-at-17.08.55-2-768x576.jpeg 768w, https:\/\/aziendagricolaoliva.it\/wp-content\/uploads\/2026\/02\/WhatsApp-Image-2026-02-26-at-17.08.55-2-1536x1152.jpeg 1536w, https:\/\/aziendagricolaoliva.it\/wp-content\/uploads\/2026\/02\/WhatsApp-Image-2026-02-26-at-17.08.55-2.jpeg 1600w\" sizes=\"auto, (max-width: 1024px) 100vw, 1024px\" \/><\/figure>\n\n\n\n<figure class=\"wp-block-image size-large\"><img loading=\"lazy\" decoding=\"async\" width=\"768\" height=\"1024\" data-id=\"54\" src=\"https:\/\/aziendagricolaoliva.it\/wp-content\/uploads\/2026\/02\/WhatsApp-Image-2026-02-26-at-17.08.55-1-1-768x1024.jpeg\" alt=\"\" class=\"wp-image-54\" srcset=\"https:\/\/aziendagricolaoliva.it\/wp-content\/uploads\/2026\/02\/WhatsApp-Image-2026-02-26-at-17.08.55-1-1-768x1024.jpeg 768w, https:\/\/aziendagricolaoliva.it\/wp-content\/uploads\/2026\/02\/WhatsApp-Image-2026-02-26-at-17.08.55-1-1-225x300.jpeg 225w, https:\/\/aziendagricolaoliva.it\/wp-content\/uploads\/2026\/02\/WhatsApp-Image-2026-02-26-at-17.08.55-1-1-1152x1536.jpeg 1152w, https:\/\/aziendagricolaoliva.it\/wp-content\/uploads\/2026\/02\/WhatsApp-Image-2026-02-26-at-17.08.55-1-1.jpeg 1200w\" sizes=\"auto, (max-width: 768px) 100vw, 768px\" \/><\/figure>\n\n\n\n<figure class=\"wp-block-image size-large\"><img loading=\"lazy\" decoding=\"async\" width=\"768\" height=\"1024\" data-id=\"55\" src=\"https:\/\/aziendagricolaoliva.it\/wp-content\/uploads\/2026\/02\/WhatsApp-Image-2026-02-26-at-17.08.55-6-768x1024.jpeg\" alt=\"\" class=\"wp-image-55\" srcset=\"https:\/\/aziendagricolaoliva.it\/wp-content\/uploads\/2026\/02\/WhatsApp-Image-2026-02-26-at-17.08.55-6-768x1024.jpeg 768w, https:\/\/aziendagricolaoliva.it\/wp-content\/uploads\/2026\/02\/WhatsApp-Image-2026-02-26-at-17.08.55-6-225x300.jpeg 225w, https:\/\/aziendagricolaoliva.it\/wp-content\/uploads\/2026\/02\/WhatsApp-Image-2026-02-26-at-17.08.55-6-1152x1536.jpeg 1152w, https:\/\/aziendagricolaoliva.it\/wp-content\/uploads\/2026\/02\/WhatsApp-Image-2026-02-26-at-17.08.55-6.jpeg 1200w\" sizes=\"auto, (max-width: 768px) 100vw, 768px\" \/><\/figure>\n\n\n\n<figure class=\"wp-block-image size-large\"><img loading=\"lazy\" decoding=\"async\" width=\"768\" height=\"1024\" data-id=\"56\" src=\"https:\/\/aziendagricolaoliva.it\/wp-content\/uploads\/2026\/02\/WhatsApp-Image-2026-02-26-at-17.08.54-768x1024.jpeg\" alt=\"\" class=\"wp-image-56\" srcset=\"https:\/\/aziendagricolaoliva.it\/wp-content\/uploads\/2026\/02\/WhatsApp-Image-2026-02-26-at-17.08.54-768x1024.jpeg 768w, https:\/\/aziendagricolaoliva.it\/wp-content\/uploads\/2026\/02\/WhatsApp-Image-2026-02-26-at-17.08.54-225x300.jpeg 225w, https:\/\/aziendagricolaoliva.it\/wp-content\/uploads\/2026\/02\/WhatsApp-Image-2026-02-26-at-17.08.54-1152x1536.jpeg 1152w, https:\/\/aziendagricolaoliva.it\/wp-content\/uploads\/2026\/02\/WhatsApp-Image-2026-02-26-at-17.08.54.jpeg 1200w\" sizes=\"auto, (max-width: 768px) 100vw, 768px\" \/><\/figure>\n\n\n\n<figure class=\"wp-block-image size-large\"><img loading=\"lazy\" decoding=\"async\" width=\"768\" height=\"1024\" data-id=\"86\" src=\"https:\/\/aziendagricolaoliva.it\/wp-content\/uploads\/2026\/04\/WhatsApp-Image-2026-04-12-at-16.15.06-768x1024.jpeg\" alt=\"\" class=\"wp-image-86\" srcset=\"https:\/\/aziendagricolaoliva.it\/wp-content\/uploads\/2026\/04\/WhatsApp-Image-2026-04-12-at-16.15.06-768x1024.jpeg 768w, https:\/\/aziendagricolaoliva.it\/wp-content\/uploads\/2026\/04\/WhatsApp-Image-2026-04-12-at-16.15.06-225x300.jpeg 225w, https:\/\/aziendagricolaoliva.it\/wp-content\/uploads\/2026\/04\/WhatsApp-Image-2026-04-12-at-16.15.06-1152x1536.jpeg 1152w, https:\/\/aziendagricolaoliva.it\/wp-content\/uploads\/2026\/04\/WhatsApp-Image-2026-04-12-at-16.15.06.jpeg 1200w\" sizes=\"auto, (max-width: 768px) 100vw, 768px\" \/><\/figure>\n\n\n\n<figure class=\"wp-block-image size-large\"><img loading=\"lazy\" decoding=\"async\" width=\"768\" height=\"1024\" data-id=\"87\" src=\"https:\/\/aziendagricolaoliva.it\/wp-content\/uploads\/2026\/04\/WhatsApp-Image-2026-04-12-at-16.15.39-768x1024.jpeg\" alt=\"\" class=\"wp-image-87\" srcset=\"https:\/\/aziendagricolaoliva.it\/wp-content\/uploads\/2026\/04\/WhatsApp-Image-2026-04-12-at-16.15.39-768x1024.jpeg 768w, https:\/\/aziendagricolaoliva.it\/wp-content\/uploads\/2026\/04\/WhatsApp-Image-2026-04-12-at-16.15.39-225x300.jpeg 225w, https:\/\/aziendagricolaoliva.it\/wp-content\/uploads\/2026\/04\/WhatsApp-Image-2026-04-12-at-16.15.39-1152x1536.jpeg 1152w, https:\/\/aziendagricolaoliva.it\/wp-content\/uploads\/2026\/04\/WhatsApp-Image-2026-04-12-at-16.15.39.jpeg 1200w\" sizes=\"auto, (max-width: 768px) 100vw, 768px\" \/><\/figure>\n<\/figure>\n","protected":false},"excerpt":{"rendered":"<p>Azienda Agricola Oliva Non nasce solo un\u2019azienda.Nasce un ritorno. L\u2019Azienda Agricola Oliva prende forma nel 2025 da un\u2019esigenza precisa: riportare il vino alla sua origine, alla terra, alla verit\u00e0 di Mesagne. Qui, dove la terra \u00e8 rossa e viva, ogni scelta nasce dal rispetto per ci\u00f2 che c\u2019era prima. Non \u00e8 solo produzione. \u00c8 appartenenza. [&hellip;]<\/p>\n","protected":false},"author":1,"featured_media":0,"parent":0,"menu_order":0,"comment_status":"closed","ping_status":"open","template":"","meta":{"footnotes":""},"class_list":["post-2","page","type-page","status-publish","hentry"],"yoast_head":"<!-- This site is optimized with the Yoast SEO plugin v27.0 - https:\/\/yoast.com\/product\/yoast-seo-wordpress\/ -->\n<title>CHI SIAMO - Azienda Agricola Oliva<\/title>\n<meta name=\"robots\" content=\"index, follow, max-snippet:-1, max-image-preview:large, max-video-preview:-1\" \/>\n<link rel=\"canonical\" href=\"https:\/\/aziendagricolaoliva.it\/index.php\/sample-page\/\" \/>\n<meta property=\"og:locale\" content=\"it_IT\" \/>\n<meta property=\"og:type\" content=\"article\" \/>\n<meta property=\"og:title\" content=\"CHI SIAMO - Azienda Agricola Oliva\" \/>\n<meta property=\"og:description\" content=\"Azienda Agricola Oliva Non nasce solo un\u2019azienda.Nasce un ritorno. L\u2019Azienda Agricola Oliva prende forma nel 2025 da un\u2019esigenza precisa: riportare il vino alla sua origine, alla terra, alla verit\u00e0 di Mesagne. Qui, dove la terra \u00e8 rossa e viva, ogni scelta nasce dal rispetto per ci\u00f2 che c\u2019era prima. Non \u00e8 solo produzione. \u00c8 appartenenza. [&hellip;]\" \/>\n<meta property=\"og:url\" content=\"https:\/\/aziendagricolaoliva.it\/index.php\/sample-page\/\" \/>\n<meta property=\"og:site_name\" content=\"Azienda Agricola Oliva\" \/>\n<meta property=\"article:modified_time\" content=\"2026-04-12T14:16:44+00:00\" \/>\n<meta property=\"og:image\" content=\"https:\/\/aziendagricolaoliva.it\/wp-content\/uploads\/2026\/02\/WhatsApp-Image-2026-02-26-at-17.08.56.jpeg\" \/>\n\t<meta property=\"og:image:width\" content=\"1600\" \/>\n\t<meta property=\"og:image:height\" content=\"1200\" \/>\n\t<meta property=\"og:image:type\" content=\"image\/jpeg\" \/>\n<meta name=\"twitter:card\" content=\"summary_large_image\" \/>\n<meta name=\"twitter:label1\" content=\"Tempo di lettura stimato\" \/>\n\t<meta name=\"twitter:data1\" content=\"4 minuti\" \/>\n<script type=\"application\/ld+json\" class=\"yoast-schema-graph\">{\"@context\":\"https:\/\/schema.org\",\"@graph\":[{\"@type\":\"WebPage\",\"@id\":\"https:\/\/aziendagricolaoliva.it\/index.php\/sample-page\/\",\"url\":\"https:\/\/aziendagricolaoliva.it\/index.php\/sample-page\/\",\"name\":\"CHI SIAMO - Azienda Agricola Oliva\",\"isPartOf\":{\"@id\":\"https:\/\/aziendagricolaoliva.it\/#website\"},\"primaryImageOfPage\":{\"@id\":\"https:\/\/aziendagricolaoliva.it\/index.php\/sample-page\/#primaryimage\"},\"image\":{\"@id\":\"https:\/\/aziendagricolaoliva.it\/index.php\/sample-page\/#primaryimage\"},\"thumbnailUrl\":\"https:\/\/aziendagricolaoliva.it\/wp-content\/uploads\/2026\/02\/WhatsApp-Image-2026-02-26-at-17.08.56-1024x768.jpeg\",\"datePublished\":\"2026-02-26T08:55:03+00:00\",\"dateModified\":\"2026-04-12T14:16:44+00:00\",\"breadcrumb\":{\"@id\":\"https:\/\/aziendagricolaoliva.it\/index.php\/sample-page\/#breadcrumb\"},\"inLanguage\":\"it-IT\",\"potentialAction\":[{\"@type\":\"ReadAction\",\"target\":[\"https:\/\/aziendagricolaoliva.it\/index.php\/sample-page\/\"]}]},{\"@type\":\"ImageObject\",\"inLanguage\":\"it-IT\",\"@id\":\"https:\/\/aziendagricolaoliva.it\/index.php\/sample-page\/#primaryimage\",\"url\":\"https:\/\/aziendagricolaoliva.it\/wp-content\/uploads\/2026\/02\/WhatsApp-Image-2026-02-26-at-17.08.56.jpeg\",\"contentUrl\":\"https:\/\/aziendagricolaoliva.it\/wp-content\/uploads\/2026\/02\/WhatsApp-Image-2026-02-26-at-17.08.56.jpeg\",\"width\":1600,\"height\":1200},{\"@type\":\"BreadcrumbList\",\"@id\":\"https:\/\/aziendagricolaoliva.it\/index.php\/sample-page\/#breadcrumb\",\"itemListElement\":[{\"@type\":\"ListItem\",\"position\":1,\"name\":\"Home\",\"item\":\"https:\/\/aziendagricolaoliva.it\/\"},{\"@type\":\"ListItem\",\"position\":2,\"name\":\"CHI SIAMO\"}]},{\"@type\":\"WebSite\",\"@id\":\"https:\/\/aziendagricolaoliva.it\/#website\",\"url\":\"https:\/\/aziendagricolaoliva.it\/\",\"name\":\"Azienda Agricola Oliva\",\"description\":\"\",\"publisher\":{\"@id\":\"https:\/\/aziendagricolaoliva.it\/#\/schema\/person\/a130791fea2df13887c0b416cc7c2b2b\"},\"potentialAction\":[{\"@type\":\"SearchAction\",\"target\":{\"@type\":\"EntryPoint\",\"urlTemplate\":\"https:\/\/aziendagricolaoliva.it\/?s={search_term_string}\"},\"query-input\":{\"@type\":\"PropertyValueSpecification\",\"valueRequired\":true,\"valueName\":\"search_term_string\"}}],\"inLanguage\":\"it-IT\"},{\"@type\":[\"Person\",\"Organization\"],\"@id\":\"https:\/\/aziendagricolaoliva.it\/#\/schema\/person\/a130791fea2df13887c0b416cc7c2b2b\",\"name\":\"admin\",\"image\":{\"@type\":\"ImageObject\",\"inLanguage\":\"it-IT\",\"@id\":\"https:\/\/aziendagricolaoliva.it\/#\/schema\/person\/image\/\",\"url\":\"https:\/\/aziendagricolaoliva.it\/wp-content\/uploads\/2026\/02\/NUOVO-LOGO-SAVOIA-ARREDAMENTI_VETTORIALE.pdf-4.png\",\"contentUrl\":\"https:\/\/aziendagricolaoliva.it\/wp-content\/uploads\/2026\/02\/NUOVO-LOGO-SAVOIA-ARREDAMENTI_VETTORIALE.pdf-4.png\",\"width\":2000,\"height\":2000,\"caption\":\"admin\"},\"logo\":{\"@id\":\"https:\/\/aziendagricolaoliva.it\/#\/schema\/person\/image\/\"},\"sameAs\":[\"https:\/\/aziendagricolaoliva.it\"]}]}<\/script>\n<!-- \/ Yoast SEO plugin. -->","yoast_head_json":{"title":"CHI SIAMO - Azienda Agricola Oliva","robots":{"index":"index","follow":"follow","max-snippet":"max-snippet:-1","max-image-preview":"max-image-preview:large","max-video-preview":"max-video-preview:-1"},"canonical":"https:\/\/aziendagricolaoliva.it\/index.php\/sample-page\/","og_locale":"it_IT","og_type":"article","og_title":"CHI SIAMO - Azienda Agricola Oliva","og_description":"Azienda Agricola Oliva Non nasce solo un\u2019azienda.Nasce un ritorno. L\u2019Azienda Agricola Oliva prende forma nel 2025 da un\u2019esigenza precisa: riportare il vino alla sua origine, alla terra, alla verit\u00e0 di Mesagne. Qui, dove la terra \u00e8 rossa e viva, ogni scelta nasce dal rispetto per ci\u00f2 che c\u2019era prima. Non \u00e8 solo produzione. \u00c8 appartenenza. [&hellip;]","og_url":"https:\/\/aziendagricolaoliva.it\/index.php\/sample-page\/","og_site_name":"Azienda Agricola Oliva","article_modified_time":"2026-04-12T14:16:44+00:00","og_image":[{"width":1600,"height":1200,"url":"https:\/\/aziendagricolaoliva.it\/wp-content\/uploads\/2026\/02\/WhatsApp-Image-2026-02-26-at-17.08.56.jpeg","type":"image\/jpeg"}],"twitter_card":"summary_large_image","twitter_misc":{"Tempo di lettura stimato":"4 minuti"},"schema":{"@context":"https:\/\/schema.org","@graph":[{"@type":"WebPage","@id":"https:\/\/aziendagricolaoliva.it\/index.php\/sample-page\/","url":"https:\/\/aziendagricolaoliva.it\/index.php\/sample-page\/","name":"CHI SIAMO - Azienda Agricola Oliva","isPartOf":{"@id":"https:\/\/aziendagricolaoliva.it\/#website"},"primaryImageOfPage":{"@id":"https:\/\/aziendagricolaoliva.it\/index.php\/sample-page\/#primaryimage"},"image":{"@id":"https:\/\/aziendagricolaoliva.it\/index.php\/sample-page\/#primaryimage"},"thumbnailUrl":"https:\/\/aziendagricolaoliva.it\/wp-content\/uploads\/2026\/02\/WhatsApp-Image-2026-02-26-at-17.08.56-1024x768.jpeg","datePublished":"2026-02-26T08:55:03+00:00","dateModified":"2026-04-12T14:16:44+00:00","breadcrumb":{"@id":"https:\/\/aziendagricolaoliva.it\/index.php\/sample-page\/#breadcrumb"},"inLanguage":"it-IT","potentialAction":[{"@type":"ReadAction","target":["https:\/\/aziendagricolaoliva.it\/index.php\/sample-page\/"]}]},{"@type":"ImageObject","inLanguage":"it-IT","@id":"https:\/\/aziendagricolaoliva.it\/index.php\/sample-page\/#primaryimage","url":"https:\/\/aziendagricolaoliva.it\/wp-content\/uploads\/2026\/02\/WhatsApp-Image-2026-02-26-at-17.08.56.jpeg","contentUrl":"https:\/\/aziendagricolaoliva.it\/wp-content\/uploads\/2026\/02\/WhatsApp-Image-2026-02-26-at-17.08.56.jpeg","width":1600,"height":1200},{"@type":"BreadcrumbList","@id":"https:\/\/aziendagricolaoliva.it\/index.php\/sample-page\/#breadcrumb","itemListElement":[{"@type":"ListItem","position":1,"name":"Home","item":"https:\/\/aziendagricolaoliva.it\/"},{"@type":"ListItem","position":2,"name":"CHI SIAMO"}]},{"@type":"WebSite","@id":"https:\/\/aziendagricolaoliva.it\/#website","url":"https:\/\/aziendagricolaoliva.it\/","name":"Azienda Agricola Oliva","description":"","publisher":{"@id":"https:\/\/aziendagricolaoliva.it\/#\/schema\/person\/a130791fea2df13887c0b416cc7c2b2b"},"potentialAction":[{"@type":"SearchAction","target":{"@type":"EntryPoint","urlTemplate":"https:\/\/aziendagricolaoliva.it\/?s={search_term_string}"},"query-input":{"@type":"PropertyValueSpecification","valueRequired":true,"valueName":"search_term_string"}}],"inLanguage":"it-IT"},{"@type":["Person","Organization"],"@id":"https:\/\/aziendagricolaoliva.it\/#\/schema\/person\/a130791fea2df13887c0b416cc7c2b2b","name":"admin","image":{"@type":"ImageObject","inLanguage":"it-IT","@id":"https:\/\/aziendagricolaoliva.it\/#\/schema\/person\/image\/","url":"https:\/\/aziendagricolaoliva.it\/wp-content\/uploads\/2026\/02\/NUOVO-LOGO-SAVOIA-ARREDAMENTI_VETTORIALE.pdf-4.png","contentUrl":"https:\/\/aziendagricolaoliva.it\/wp-content\/uploads\/2026\/02\/NUOVO-LOGO-SAVOIA-ARREDAMENTI_VETTORIALE.pdf-4.png","width":2000,"height":2000,"caption":"admin"},"logo":{"@id":"https:\/\/aziendagricolaoliva.it\/#\/schema\/person\/image\/"},"sameAs":["https:\/\/aziendagricolaoliva.it"]}]}},"_links":{"self":[{"href":"https:\/\/aziendagricolaoliva.it\/index.php\/wp-json\/wp\/v2\/pages\/2","targetHints":{"allow":["GET"]}}],"collection":[{"href":"https:\/\/aziendagricolaoliva.it\/index.php\/wp-json\/wp\/v2\/pages"}],"about":[{"href":"https:\/\/aziendagricolaoliva.it\/index.php\/wp-json\/wp\/v2\/types\/page"}],"author":[{"embeddable":true,"href":"https:\/\/aziendagricolaoliva.it\/index.php\/wp-json\/wp\/v2\/users\/1"}],"replies":[{"embeddable":true,"href":"https:\/\/aziendagricolaoliva.it\/index.php\/wp-json\/wp\/v2\/comments?post=2"}],"version-history":[{"count":6,"href":"https:\/\/aziendagricolaoliva.it\/index.php\/wp-json\/wp\/v2\/pages\/2\/revisions"}],"predecessor-version":[{"id":88,"href":"https:\/\/aziendagricolaoliva.it\/index.php\/wp-json\/wp\/v2\/pages\/2\/revisions\/88"}],"wp:attachment":[{"href":"https:\/\/aziendagricolaoliva.it\/index.php\/wp-json\/wp\/v2\/media?parent=2"}],"curies":[{"name":"wp","href":"https:\/\/api.w.org\/{rel}","templated":true}]}}